{"id":643,"date":"2024-10-22T08:48:06","date_gmt":"2024-10-22T07:48:06","guid":{"rendered":"https:\/\/www.aktivleben-burgstaedt.de\/?page_id=643"},"modified":"2024-11-20T22:13:29","modified_gmt":"2024-11-20T21:13:29","slug":"galeriehaus","status":"publish","type":"page","link":"https:\/\/www.aktivleben-burgstaedt.de\/?page_id=643","title":{"rendered":"Galeriehaus"},"content":{"rendered":"<p>Hier k\u00f6nnen sich vor allem junge K\u00fcnstler ausprobieren oder pr\u00e4sentieren. Nat\u00fcrlich in erster Linie virtuell. Aber auch multimedial. Exponate sind zum Teil mit youtube-Videos verlinkt. Dabei ergeben sich nochmals ganz andere Perspektiven der jeweiligen Exponate. <\/p><p>Die K\u00fcnstler sind sehr offen f\u00fcr Kritik und auch Anregungen.<\/p><p>Sie K\u00f6nnen die K\u00fcnstler entweder direkt kontaktieren oder auch den Umweg \u00fcber Bernd  Schneider, dem Vereinsvorsitzenden, nehmen. <\/p>","protected":false},"excerpt":{"rendered":"<p>Hier k\u00f6nnen sich vor allem junge K\u00fcnstler ausprobieren oder pr\u00e4sentieren. Nat\u00fcrlich in erster Linie virtuell. Aber auch multimedial. Exponate sind zum Teil mit youtube-Videos verlinkt. Dabei ergeben sich nochmals ganz&hellip; <a class=\"more-link\" href=\"https:\/\/www.aktivleben-burgstaedt.de\/?page_id=643\"><span class=\"screen-reader-text\">Galeriehaus<\/span> weiterlesen<\/a><\/p>\n","protected":false},"author":2,"featured_media":0,"parent":0,"menu_order":0,"comment_status":"closed","ping_status":"closed","template":"","meta":{"advanced_seo_description":"","jetpack_seo_html_title":"","jetpack_seo_noindex":false,"_EventAllDay":false,"_EventTimezone":"","_EventStartDate":"","_EventEndDate":"","_EventStartDateUTC":"","_EventEndDateUTC":"","_EventShowMap":false,"_EventShowMapLink":false,"_EventURL":"","_EventCost":"","_EventCostDescription":"","_EventCurrencySymbol":"","_EventCurrencyCode":"","_EventCurrencyPosition":"","_EventDateTimeSeparator":"","_EventTimeRangeSeparator":"","_EventOrganizerID":[],"_EventVenueID":[],"_OrganizerEmail":"","_OrganizerPhone":"","_OrganizerWebsite":"","_VenueAddress":"","_VenueCity":"","_VenueCountry":"","_VenueProvince":"","_VenueState":"","_VenueZip":"","_VenuePhone":"","_VenueURL":"","_VenueStateProvince":"","_VenueLat":"","_VenueLng":"","_VenueShowMap":false,"_VenueShowMapLink":false,"footnotes":""},"class_list":["post-643","page","type-page","status-publish","hentry","entry"],"jetpack_sharing_enabled":true,"jetpack_likes_enabled":true,"jetpack_shortlink":"https:\/\/wp.me\/Pfh4FS-an","_links":{"self":[{"href":"https:\/\/www.aktivleben-burgstaedt.de\/index.php?rest_route=\/wp\/v2\/pages\/643"}],"collection":[{"href":"https:\/\/www.aktivleben-burgstaedt.de\/index.php?rest_route=\/wp\/v2\/pages"}],"about":[{"href":"https:\/\/www.aktivleben-burgstaedt.de\/index.php?rest_route=\/wp\/v2\/types\/page"}],"author":[{"embeddable":true,"href":"https:\/\/www.aktivleben-burgstaedt.de\/index.php?rest_route=\/wp\/v2\/users\/2"}],"replies":[{"embeddable":true,"href":"https:\/\/www.aktivleben-burgstaedt.de\/index.php?rest_route=%2Fwp%2Fv2%2Fcomments&post=643"}],"version-history":[{"count":3,"href":"https:\/\/www.aktivleben-burgstaedt.de\/index.php?rest_route=\/wp\/v2\/pages\/643\/revisions"}],"predecessor-version":[{"id":861,"href":"https:\/\/www.aktivleben-burgstaedt.de\/index.php?rest_route=\/wp\/v2\/pages\/643\/revisions\/861"}],"wp:attachment":[{"href":"https:\/\/www.aktivleben-burgstaedt.de\/index.php?rest_route=%2Fwp%2Fv2%2Fmedia&parent=643"}],"curies":[{"name":"wp","href":"https:\/\/api.w.org\/{rel}","templated":true}]}}