{"id":940,"date":"2025-03-14T12:56:12","date_gmt":"2025-03-14T11:56:12","guid":{"rendered":"https:\/\/www.aktivleben-burgstaedt.de\/?page_id=940"},"modified":"2025-03-14T13:06:08","modified_gmt":"2025-03-14T12:06:08","slug":"repair-cafe","status":"publish","type":"page","link":"https:\/\/www.aktivleben-burgstaedt.de\/?page_id=940","title":{"rendered":"Repair-Caf\u00e8"},"content":{"rendered":"<p class=\"has-text-align-left\">Ein \u201cRepair-Caf\u00e8\u201d soll viele Reparaturhilfen erm\u00f6glichen!<\/p><p class=\"has-text-align-left\">Es haben sich ehrenamtliche Mitarbeiter f\u00fcr diese Art der Alltags- hilfe bereiterkl\u00e4rt.<\/p><p class=\"has-text-align-left\">Allerdings freuen wir uns immer wieder \u00fcber die verschiedenen und unterschiedlichen technischen Talente, die in jedem von uns stecken.    &#8212;-     Bitte melde dich bei uns! Du bist wichtig!<\/p><p class=\"has-text-align-left\">Das Konzept unseres &#8220;Repair-Caf\u00e8s&#8221; besteht nicht darin alles f\u00fcr den &#8220;Kunden&#8221; zu erledigen, sondern gemeinsam <strong>mit <\/strong>ihm die Probleme zu l\u00f6sen und auch wieder Zufriedenheit zu erreichen und zu einem neuen Erkenntnis- und Wissensstand zu gelangen!<\/p><p>Lassen Sie uns gemeinsam Neues erreichen. Auch der gemeinsame Erfolg und die Gemeinschaft ist oft noch mehr als die Summe der Einzelnen.<\/p><p><\/p>","protected":false},"excerpt":{"rendered":"<p>Ein \u201cRepair-Caf\u00e8\u201d soll viele Reparaturhilfen erm\u00f6glichen! Es haben sich ehrenamtliche Mitarbeiter f\u00fcr diese Art der Alltags- hilfe bereiterkl\u00e4rt. Allerdings freuen wir uns immer wieder \u00fcber die verschiedenen und unterschiedlichen technischen&hellip; <a class=\"more-link\" href=\"https:\/\/www.aktivleben-burgstaedt.de\/?page_id=940\"><span class=\"screen-reader-text\">Repair-Caf\u00e8<\/span> weiterlesen<\/a><\/p>\n","protected":false},"author":2,"featured_media":0,"parent":0,"menu_order":0,"comment_status":"closed","ping_status":"closed","template":"","meta":{"advanced_seo_description":"","jetpack_seo_html_title":"","jetpack_seo_noindex":false,"_EventAllDay":false,"_EventTimezone":"","_EventStartDate":"","_EventEndDate":"","_EventStartDateUTC":"","_EventEndDateUTC":"","_EventShowMap":false,"_EventShowMapLink":false,"_EventURL":"","_EventCost":"","_EventCostDescription":"","_EventCurrencySymbol":"","_EventCurrencyCode":"","_EventCurrencyPosition":"","_EventDateTimeSeparator":"","_EventTimeRangeSeparator":"","_EventOrganizerID":[],"_EventVenueID":[],"_OrganizerEmail":"","_OrganizerPhone":"","_OrganizerWebsite":"","_VenueAddress":"","_VenueCity":"","_VenueCountry":"","_VenueProvince":"","_VenueState":"","_VenueZip":"","_VenuePhone":"","_VenueURL":"","_VenueStateProvince":"","_VenueLat":"","_VenueLng":"","_VenueShowMap":false,"_VenueShowMapLink":false,"footnotes":""},"class_list":["post-940","page","type-page","status-publish","hentry","entry"],"jetpack_sharing_enabled":true,"jetpack_likes_enabled":true,"jetpack_shortlink":"https:\/\/wp.me\/Pfh4FS-fa","_links":{"self":[{"href":"https:\/\/www.aktivleben-burgstaedt.de\/index.php?rest_route=\/wp\/v2\/pages\/940"}],"collection":[{"href":"https:\/\/www.aktivleben-burgstaedt.de\/index.php?rest_route=\/wp\/v2\/pages"}],"about":[{"href":"https:\/\/www.aktivleben-burgstaedt.de\/index.php?rest_route=\/wp\/v2\/types\/page"}],"author":[{"embeddable":true,"href":"https:\/\/www.aktivleben-burgstaedt.de\/index.php?rest_route=\/wp\/v2\/users\/2"}],"replies":[{"embeddable":true,"href":"https:\/\/www.aktivleben-burgstaedt.de\/index.php?rest_route=%2Fwp%2Fv2%2Fcomments&post=940"}],"version-history":[{"count":2,"href":"https:\/\/www.aktivleben-burgstaedt.de\/index.php?rest_route=\/wp\/v2\/pages\/940\/revisions"}],"predecessor-version":[{"id":947,"href":"https:\/\/www.aktivleben-burgstaedt.de\/index.php?rest_route=\/wp\/v2\/pages\/940\/revisions\/947"}],"wp:attachment":[{"href":"https:\/\/www.aktivleben-burgstaedt.de\/index.php?rest_route=%2Fwp%2Fv2%2Fmedia&parent=940"}],"curies":[{"name":"wp","href":"https:\/\/api.w.org\/{rel}","templated":true}]}}